{"id":3,"date":"2022-04-28T08:24:16","date_gmt":"2022-04-28T08:24:16","guid":{"rendered":"https:\/\/visitgreece.com.gr\/?page_id=3"},"modified":"2023-05-22T12:41:26","modified_gmt":"2023-05-22T12:41:26","slug":"privacy-policy","status":"publish","type":"page","link":"https:\/\/discovergreece.com.gr\/de\/privacy-policy\/","title":{"rendered":"Datenschutzerkl\u00e4rung"},"content":{"rendered":"<p><strong>Vielen Dank f\u00fcr den Besuch unserer Discovergreece Webseite!<\/strong><\/p>\n\n\n\n<p>Hereinafter we will inform you about the handling with your data according to art. 13 of the General Data Protection Regulation (GDPR).&nbsp;Protecting the security and privacy of your personal data is very important to us.<br><mark style=\"background-color:rgba(0, 0, 0, 0)\" class=\"has-inline-color has-white-color\">.<\/mark><br><strong>1. Verantwortlichkeit<br><\/strong>Verantwortlich f\u00fcr die Datenverarbeitung ist der griechische Jugendherbergsverein (GRYH) | \u03a3\u03cd\u03bb\u03bb\u03bf\u03b3\u03bf\u03c2 \u039e\u03b5\u03bd\u03ce\u03bd\u03c9\u03bd \u039d\u03ad\u03c9\u03bd \u0395\u03bb\u03bb\u03ac\u03b4\u03b1\u03c2, 20200 Kryoneri Korinthia, Griechenland.<br><mark style=\"background-color:rgba(0, 0, 0, 0)\" class=\"has-inline-color has-white-color\">.<\/mark><br><br><strong>2. Verarbeitung personenbezogener Daten im Zusammenhang mit Ihrer Nutzung unserer Webseite<\/strong><\/p>\n\n\n\n<p>Datenkategorien, Zweck der Verarbeitung und Rechtsgrundlage<br>Im Rahmen Ihrer Nutzung der GRYH Webseite verarbeiten wir folgende personenbezogene Daten:<\/p>\n\n\n\n<ul class=\"wp-block-list\">\n<li>\u25cf Personal data that you actively and voluntarily provide via GRYH Online&nbsp;(e.g., when registering, contacting us with your inquiries or participating in surveys, etc.), including name, e-mail address, telephone number, information submitted as part of a support request and<\/li>\n\n\n\n<li>\u25cf Informationen, die automatisch von Ihrem Webbrowser oder Endger\u00e4t an uns gesendet werden, wie z.B. ihre IP-Adresse, Ger\u00e4tetyp, Browsertyp, vorher besuchte Webseite, besuchte Unterseiten oder Datum und die Uhrzeit der jeweiligen Besucheranfrage.<\/li>\n<\/ul>\n\n\n\n<p>Wir verarbeiten Ihre personenbezogenen Daten f\u00fcr folgende Zwecke:<\/p>\n\n\n\n<ul class=\"wp-block-list\">\n<li>\u25cf um Ihnen die Inanspruchnahme der Leistungen und Funktionen von GRYH Online zu erm\u00f6glichen,<\/li>\n\n\n\n<li>\u25cf um Ihre Identit\u00e4t festzustellen und eine Nutzer-Authentifizierung zu erm\u00f6glichen,<\/li>\n\n\n\n<li>\u25cf um Ihre Anfrage zu bearbeiten, und<\/li>\n\n\n\n<li>\u25cf um unsere Nutzungsbedingungen durchzusetzen, Rechtsanspr\u00fcche geltend zu machen oder abzuwehren und um betr\u00fcgerische und \u00e4hnliche Handlungen, einschlie\u00dflich Angriffe auf unsere IT-Infrastruktur, abzuwehren und zu unterbinden.<\/li>\n<\/ul>\n\n\n\n<p>Die Verarbeitung der personenbezogenen Daten ist zur Erreichung der genannten Zwecke erforderlich. Soweit bei der Erhebung der personenbezogenen Daten nicht ausdr\u00fccklich anders angegeben, ist die Rechtsgrundlage f\u00fcr die Datenverarbeitung:<\/p>\n\n\n\n<ul class=\"wp-block-list\">\n<li>\u2022\tdie Erf\u00fcllung rechtlicher Pflichten, denen GRYH unterliegt (Artikel 6 (1) (c) der Datenschutzgrundverordnung), oder<\/li>\n\n\n\n<li>\u25cf Processing is necessary for the performance of a contractual relationship with you (Article 6 (1) (b) General Data Protection Regulation); or Processing is otherwise necessary for the efficient performance or management of your use of GRYH Online&nbsp;(Article 6 (1) (f) General Data Protection Regulation).<\/li>\n<\/ul>\n\n\n\n<p><mark style=\"background-color:rgba(0, 0, 0, 0)\" class=\"has-inline-color has-white-color\">.<\/mark><br><\/p>\n\n\n\n<p><strong>Cookies<\/strong><br>Wenn Sie unsere Webseite besuchen, werden auf Ihrem Endger\u00e4t Informationen in Form eines \"Cookie\" abgelegt. Cookies sind kleine Dateien, die auf Ihrem Endger\u00e4t gespeichert werden und die bestimmte Einstellungen und Daten zum Austausch mit unsere Seite \u00fcber Ihren Browser speichern. Cookies erlauben es uns beispielsweise, eine Webseite an Ihre Interessen anzupassen oder Ihr Kennwort zu speichern, damit Sie es nicht jedes Mal neu eingeben m\u00fcssen. Wenn Sie nicht m\u00f6chten, dass wir Ihr Endger\u00e4t wiedererkennen, stellen Sie Ihren Internet-Browser bitte so ein, dass er Cookies von ihrem Ger\u00e4t l\u00f6scht, alle Cookies blockiert oder Sie warnt, bevor ein Cookie gespeichert wird.<\/p>\n\n\n\n<p><mark style=\"background-color:rgba(0, 0, 0, 0)\" class=\"has-inline-color has-white-color\">.<\/mark><br><strong>Verlinkungen zu anderen Webseiten<br><\/strong>Diese Datenschutzrichtlinie gilt nur f\u00fcr GRYH Online und nicht f\u00fcr Webseiten Dritter. GRYH Online kann Links auf Webseiten Dritter enthalten, die m\u00f6glicherweise f\u00fcr Sie von Interesse sind. GRYH ist nicht f\u00fcr die Erhebung, Verarbeitung und Nutzung Ihrer Daten im Rahmen von Webseiten, die nicht von GRYH betrieben werden, sowie deren Inhalt verantwortlich.<br><mark style=\"background-color:rgba(0, 0, 0, 0)\" class=\"has-inline-color has-white-color\">.<\/mark><br><br><strong>3. \u00dcbermittlung und Weitergabe der personenbezogenen Daten<\/strong><\/p>\n\n\n\n<p>GRYH may transfer personal data to GRYH Youth hostels&nbsp;or third parties, but only if and to the extent such transfer is required for the purposes mentioned above.<br>\u2022\tIT-Dienstleister, die Daten im Rahmen Ihrer Leistungserbringung verarbeiten (wie z.B. Dienstleister f\u00fcr IT Wartungst\u00e4tigkeiten), oder<br>\u2022\tGerichte, Schiedsgerichte, Beh\u00f6rden oder Rechtsberater, wenn dies zur Einhaltung geltenden Rechts, oder zu Geltendmachung, Aus\u00fcbung oder Verteidigung von Rechtsanspr\u00fcchen erforderlich ist.<br><mark style=\"background-color:rgba(0, 0, 0, 0)\" class=\"has-inline-color has-white-color\">.<\/mark><br><br><strong>4. Speicherfristen<\/strong><\/p>\n\n\n\n<p>Soweit bei der Erhebung (z.B. im Rahmen einer Einwilligungserkl\u00e4rung) keine ausdr\u00fcckliche Speicherdauer angegeben wird, werden Ihre personenbezogenen Daten gel\u00f6scht, soweit diese nicht mehr zur Erf\u00fcllung des Zweckes der Speicherung erforderlich sind, es sei denn gesetzliche Aufbewahrungspflichten (z.B. handels- und steuerrechtliche Aufbewahrungspflichten) stehen einer L\u00f6schung entgegen.<br><mark style=\"background-color:rgba(0, 0, 0, 0)\" class=\"has-inline-color has-white-color\">.<\/mark><br><br><strong>5. Widerruf erteilter Einwilligungserkl\u00e4rungen<\/strong><\/p>\n\n\n\n<p>Wenn Sie uns eine Einwilligung zur Verarbeitung Ihrer personenbezogenen Daten erteilt haben, haben Sie das Recht die erteilte Einwilligung jederzeit mit Wirkung f\u00fcr die Zukunft zu widerrufen. Der Widerruf ber\u00fchrt die Rechtm\u00e4\u00dfigkeit der vor dem Widerruf auf Basis der Einwilligung erfolgten Verarbeitung nicht. Nach erfolgtem Widerruf darf GRYH die personenbezogenen Daten nur insoweit weiterverarbeiten, als GRYH die Verarbeitung auf eine anderweitige Rechtsgrundlage st\u00fctzen kann.<br><mark style=\"background-color:rgba(0, 0, 0, 0)\" class=\"has-inline-color has-white-color\">.<\/mark><br><br>6. Ihre Rechte<\/p>\n\n\n\n<p>Nach anwendbarem Datenschutzrecht haben Sie gegebenenfalls das Recht:<\/p>\n\n\n\n<ul class=\"wp-block-list\">\n<li>\u25cf ein Best\u00e4tigung dar\u00fcber zu verlangen, ob GRYH personenbezogene Daten \u00fcber Sie verarbeitet und Auskunft \u00fcber die von GRYH verarbeiteten personenbezogene Daten sowie weitere Informationen zu erhalten,<\/li>\n\n\n\n<li>\u25cf die Berichtigung unrichtiger personenbezogener Daten zu verlangen,<\/li>\n\n\n\n<li>\u25cf die L\u00f6schung der durch GRYH verarbeiteten personenbezogenen Daten zu verlangen,<\/li>\n\n\n\n<li>\u25cf die Einschr\u00e4nkung der Verarbeitung personenbezogener Daten durch GRYH zu verlangen,<\/li>\n\n\n\n<li>\u25cf die \u00dcbertragung der Daten zu verlangen oder<\/li>\n\n\n\n<li>\u25cf der Datenverarbeitung personenbezogener Daten durch GRYH zu widersprechen.<\/li>\n<\/ul>\n\n\n\n<p><mark style=\"background-color:rgba(0, 0, 0, 0)\" class=\"has-inline-color has-white-color\">.<\/mark><br><br><strong>7. Ansprechpartner<\/strong><\/p>\n\n\n\n<p>GRYH&nbsp;provides support with any data privacy related questions, comments, concerns or complaints or in case you wish to exercise any of your data privacy related rights. GRYH may be contacted at: <a href=\"mailto:admin@higreece.gr\">admin@higreece.gr<\/a>.<br>GRYH&nbsp;will always use best efforts to address and settle any requests or complaints you bring to its attention. Besides contacting GRYH, you always have the right to approach the competent data protection authority with your request or complaint.<\/p>\n\n\n\n<p><mark style=\"background-color:rgba(0, 0, 0, 0)\" class=\"has-inline-color has-white-color\">.<\/mark><br><\/p>","protected":false},"excerpt":{"rendered":"<p>Thank you for visiting our discovergreece website! Hereinafter we will inform you about the handling with your data according to art. 13 of the General Data Protection Regulation (GDPR).&nbsp;Protecting the security and privacy of your personal data is very important to us..1. ResponsibilityThe party responsible for data processing is the Greek Youth Hostels Association (GRYH) [&hellip;]<\/p>\n","protected":false},"author":1,"featured_media":0,"parent":0,"menu_order":0,"comment_status":"closed","ping_status":"closed","template":"","meta":{"_bbp_topic_count":0,"_bbp_reply_count":0,"_bbp_total_topic_count":0,"_bbp_total_reply_count":0,"_bbp_voice_count":0,"_bbp_anonymous_reply_count":0,"_bbp_topic_count_hidden":0,"_bbp_reply_count_hidden":0,"_bbp_forum_subforum_count":0,"footnotes":""},"class_list":["post-3","page","type-page","status-publish","hentry"],"_links":{"self":[{"href":"https:\/\/discovergreece.com.gr\/de\/wp-json\/wp\/v2\/pages\/3","targetHints":{"allow":["GET"]}}],"collection":[{"href":"https:\/\/discovergreece.com.gr\/de\/wp-json\/wp\/v2\/pages"}],"about":[{"href":"https:\/\/discovergreece.com.gr\/de\/wp-json\/wp\/v2\/types\/page"}],"author":[{"embeddable":true,"href":"https:\/\/discovergreece.com.gr\/de\/wp-json\/wp\/v2\/users\/1"}],"replies":[{"embeddable":true,"href":"https:\/\/discovergreece.com.gr\/de\/wp-json\/wp\/v2\/comments?post=3"}],"version-history":[{"count":7,"href":"https:\/\/discovergreece.com.gr\/de\/wp-json\/wp\/v2\/pages\/3\/revisions"}],"predecessor-version":[{"id":47583,"href":"https:\/\/discovergreece.com.gr\/de\/wp-json\/wp\/v2\/pages\/3\/revisions\/47583"}],"wp:attachment":[{"href":"https:\/\/discovergreece.com.gr\/de\/wp-json\/wp\/v2\/media?parent=3"}],"curies":[{"name":"wp","href":"https:\/\/api.w.org\/{rel}","templated":true}]}}